{"id":199,"date":"2022-02-23T10:26:56","date_gmt":"2022-02-23T09:26:56","guid":{"rendered":"http:\/\/chiemsee-quarter-horses.de\/?page_id=199"},"modified":"2022-02-23T11:14:57","modified_gmt":"2022-02-23T10:14:57","slug":"impressum","status":"publish","type":"page","link":"http:\/\/chiemsee-quarter-horses.de\/?page_id=199","title":{"rendered":"Impressum"},"content":{"rendered":"\n<p><strong>Angaben gem\u00e4\u00df \u00a7 5 TMG<\/strong><br>Sabine H\u00f6rterer <br>Landwirtschaftliche Pferdezucht und Haltung<br>Preinersdorf 2c<br>83257 Gstadt am Chiemsee<br><strong>Kontakt<\/strong><br>Telefon: +49 170-8154300<br>E-Mail: info@chiemsee-quarter-horses.de<br><strong>Angaben zur Berufshaftpflichtversicherung<\/strong><br>Name und Sitz des Versicherers:<br>Sozialversicherung f\u00fcr Landwirtschaft, Forsten und Gartenbau<br>Dr.-Georg-Heim-Allee 1<br>84036 Landshut<br><strong>Redaktionell verantwortlich<\/strong><em><br><\/em>Sabine H\u00f6rterer<br><strong>EU-Streitschlichtung<\/strong><br>Die Europ\u00e4ische Kommission stellt eine Plattform zur Online-Streitbeilegung (OS) bereit:<br>https:\/\/ec.europa.eu\/consumers\/odr\/.<br>Unsere E-Mail-Adresse finden Sie oben im Impressum.<br><strong>Verbraucherstreitbeilegung\/Universalschlichtungsstelle<\/strong><br>Wir sind nicht bereit oder verpflichtet, an Streitbeilegungsverfahren vor einer<br>Verbraucherschlichtungsstelle teilzunehmen.<br><br>Quelle:<br>eRecht24<br><\/p>\n","protected":false},"excerpt":{"rendered":"<p>Angaben gem\u00e4\u00df \u00a7 5 TMGSabine H\u00f6rterer Landwirtschaftliche Pferdezucht und HaltungPreinersdorf 2c83257 Gstadt am ChiemseeKontaktTelefon: +49 170-8154300E-Mail: info@chiemsee-quarter-horses.deAngaben zur BerufshaftpflichtversicherungName und Sitz des Versicherers:Sozialversicherung f\u00fcr Landwirtschaft, Forsten und GartenbauDr.-Georg-Heim-Allee 184036 LandshutRedaktionell verantwortlichSabine H\u00f6rtererEU-StreitschlichtungDie Europ\u00e4ische Kommission stellt eine Plattform zur Online-Streitbeilegung (OS) bereit:https:\/\/ec.europa.eu\/consumers\/odr\/.Unsere E-Mail-Adresse finden Sie oben im Impressum.Verbraucherstreitbeilegung\/UniversalschlichtungsstelleWir sind nicht bereit oder verpflichtet, an Streitbeilegungsverfahren vor &hellip; <\/p>\n<p class=\"link-more\"><a href=\"http:\/\/chiemsee-quarter-horses.de\/?page_id=199\" class=\"more-link\"><span class=\"screen-reader-text\">\u201eImpressum\u201c<\/span> weiterlesen<\/a><\/p>\n","protected":false},"author":2,"featured_media":0,"parent":0,"menu_order":0,"comment_status":"closed","ping_status":"closed","template":"","meta":{"footnotes":""},"class_list":["post-199","page","type-page","status-publish","hentry"],"_links":{"self":[{"href":"http:\/\/chiemsee-quarter-horses.de\/index.php?rest_route=\/wp\/v2\/pages\/199","targetHints":{"allow":["GET"]}}],"collection":[{"href":"http:\/\/chiemsee-quarter-horses.de\/index.php?rest_route=\/wp\/v2\/pages"}],"about":[{"href":"http:\/\/chiemsee-quarter-horses.de\/index.php?rest_route=\/wp\/v2\/types\/page"}],"author":[{"embeddable":true,"href":"http:\/\/chiemsee-quarter-horses.de\/index.php?rest_route=\/wp\/v2\/users\/2"}],"replies":[{"embeddable":true,"href":"http:\/\/chiemsee-quarter-horses.de\/index.php?rest_route=%2Fwp%2Fv2%2Fcomments&post=199"}],"version-history":[{"count":9,"href":"http:\/\/chiemsee-quarter-horses.de\/index.php?rest_route=\/wp\/v2\/pages\/199\/revisions"}],"predecessor-version":[{"id":218,"href":"http:\/\/chiemsee-quarter-horses.de\/index.php?rest_route=\/wp\/v2\/pages\/199\/revisions\/218"}],"wp:attachment":[{"href":"http:\/\/chiemsee-quarter-horses.de\/index.php?rest_route=%2Fwp%2Fv2%2Fmedia&parent=199"}],"curies":[{"name":"wp","href":"https:\/\/api.w.org\/{rel}","templated":true}]}}